{"id":988,"date":"2024-07-04T11:45:34","date_gmt":"2024-07-04T09:45:34","guid":{"rendered":"https:\/\/www.labelformation76.fr\/?page_id=988"},"modified":"2024-09-01T11:47:34","modified_gmt":"2024-09-01T09:47:34","slug":"techniques-reflexologie","status":"publish","type":"page","link":"https:\/\/www.labelformation76.fr\/index.php\/nos-formations\/techniques-reflexologie\/","title":{"rendered":"Techniques de R\u00e9flexologie"},"content":{"rendered":"\n<div class=\"wp-block-columns is-layout-flex wp-container-core-columns-is-layout-9d6595d7 wp-block-columns-is-layout-flex\">\n<div class=\"wp-block-column is-layout-flow wp-block-column-is-layout-flow\" style=\"flex-basis:33.33%\"><div class=\"wp-block-image\">\n<figure class=\"aligncenter size-full is-resized\"><img loading=\"lazy\" decoding=\"async\" width=\"600\" height=\"436\" src=\"https:\/\/www.labelformation76.fr\/publish\/wp-content\/uploads\/2021\/08\/Formation_Details.jpg\" alt=\"\" class=\"wp-image-557\" style=\"width:450px;height:327px\" srcset=\"https:\/\/www.labelformation76.fr\/wp-content\/uploads\/2021\/08\/Formation_Details.jpg 600w, https:\/\/www.labelformation76.fr\/wp-content\/uploads\/2021\/08\/Formation_Details-300x218.jpg 300w\" sizes=\"auto, (max-width: 600px) 100vw, 600px\" \/><\/figure>\n<\/div>\n\n\n<div class=\"wp-block-buttons is-horizontal is-content-justification-center is-layout-flex wp-container-core-buttons-is-layout-499968f5 wp-block-buttons-is-layout-flex\">\n<div class=\"wp-block-button is-style-primary\"><a class=\"wp-block-button__link wp-element-button\" href=\"https:\/\/www.labelformation76.fr\/wp-content\/uploads\/2024\/09\/LabelFormation_Techniques_Reflexologie_202409.pdf\" target=\"_blank\" rel=\"noreferrer noopener\">T\u00e9l\u00e9charger la fiche<\/a><\/div>\n\n\n\n<div class=\"wp-block-button is-style-secondary\"><a class=\"wp-block-button__link wp-element-button\" href=\"https:\/\/www.labelformation76.fr\/wp-content\/uploads\/2021\/09\/Reglement_Interieur_LabelFormation.pdf\" target=\"_blank\" rel=\"noreferrer noopener\">R\u00e8glement int\u00e9rieur<\/a><\/div>\n<\/div>\n\n\n\n<div style=\"height:40px\" aria-hidden=\"true\" class=\"wp-block-spacer\"><\/div>\n<\/div>\n\n\n\n<div class=\"wp-block-column is-layout-flow wp-block-column-is-layout-flow\" style=\"flex-basis:66.66%\">\n<h3 class=\"wp-block-heading has-neve-link-hover-color-color has-text-color\"><strong>Sensibilisation aux Techniques de R\u00e9flexologie dans l\u2019accompagnement des publics accompagn\u00e9s<\/strong><\/h3>\n\n\n\n<div style=\"height:20px\" aria-hidden=\"true\" class=\"wp-block-spacer\"><\/div>\n\n\n\n<p>D&rsquo;une dur\u00e9e de <strong>1 jour<\/strong>, cette formation permettra :<\/p>\n\n\n\n<ul class=\"wp-block-list\">\n<li>Rep\u00e9rer les leviers et les freins pour soi et pour la personne accompagn\u00e9e dans les situations de stress<\/li>\n\n\n\n<li>Rel\u00e2cher les tensions corporelles et psychiques en utilisant les techniques de respiration, de r\u00e9flexologue et de relaxation et les transmettre<\/li>\n\n\n\n<li>D\u00e9velopper individuellement et en \u00e9quipe des modes de communication, d\u2019organisation, facilitatrices de la relation d\u2019accompagnement<\/li>\n<\/ul>\n\n\n\n<div style=\"height:40px\" aria-hidden=\"true\" class=\"wp-block-spacer\"><\/div>\n<\/div>\n<\/div>\n\n\n\n<div class=\"wp-block-cover alignfull\" style=\"min-height:200px;aspect-ratio:unset;\"><span aria-hidden=\"true\" class=\"wp-block-cover__background has-nv-dark-bg-background-color has-background-dim-100 has-background-dim\"><\/span><div class=\"wp-block-cover__inner-container is-layout-flow wp-block-cover-is-layout-flow\">\n<div style=\"height:60px\" aria-hidden=\"true\" class=\"wp-block-spacer\"><\/div>\n\n\n\n<h3 class=\"wp-block-heading alignwide has-nv-light-bg-color has-text-color\">Objectifs p\u00e9dagogiques<\/h3>\n\n\n\n<div class=\"wp-block-columns alignwide is-layout-flex wp-container-core-columns-is-layout-9d6595d7 wp-block-columns-is-layout-flex\">\n<div class=\"wp-block-column is-layout-flow wp-block-column-is-layout-flow\">\n<ul class=\"wp-block-list has-nv-light-bg-color has-text-color\">\n<li>Rep\u00e9rer les diff\u00e9rents types de stress et leurs m\u00e9canismes&nbsp;<\/li>\n\n\n\n<li>Comprendre les notions de base du fonctionnement du corps (hormones, les diff\u00e9rents syst\u00e8mes)&nbsp;<\/li>\n\n\n\n<li>Acqu\u00e9rir des techniques de respiration, de r\u00e9flexologie, de relaxation pour mieux r\u00e9guler ses \u00e9motions<\/li>\n\n\n\n<li>Se cr\u00e9er une boite \u00e0 outils (pour soi et pour les autres)<\/li>\n<\/ul>\n<\/div>\n<\/div>\n\n\n\n<div style=\"height:40px\" aria-hidden=\"true\" class=\"wp-block-spacer\"><\/div>\n<\/div><\/div>\n","protected":false},"excerpt":{"rendered":"<p>Sensibilisation aux Techniques de R\u00e9flexologie dans l\u2019accompagnement des publics accompagn\u00e9s D&rsquo;une dur\u00e9e de 1 jour, cette formation permettra :<\/p>\n","protected":false},"author":1,"featured_media":0,"parent":67,"menu_order":7,"comment_status":"closed","ping_status":"closed","template":"","meta":{"neve_meta_sidebar":"","neve_meta_container":"","neve_meta_enable_content_width":"","neve_meta_content_width":0,"neve_meta_title_alignment":"","neve_meta_author_avatar":"","neve_post_elements_order":"","neve_meta_disable_header":"","neve_meta_disable_footer":"","neve_meta_disable_title":"","footnotes":""},"class_list":["post-988","page","type-page","status-publish","hentry"],"_links":{"self":[{"href":"https:\/\/www.labelformation76.fr\/index.php\/wp-json\/wp\/v2\/pages\/988","targetHints":{"allow":["GET"]}}],"collection":[{"href":"https:\/\/www.labelformation76.fr\/index.php\/wp-json\/wp\/v2\/pages"}],"about":[{"href":"https:\/\/www.labelformation76.fr\/index.php\/wp-json\/wp\/v2\/types\/page"}],"author":[{"embeddable":true,"href":"https:\/\/www.labelformation76.fr\/index.php\/wp-json\/wp\/v2\/users\/1"}],"replies":[{"embeddable":true,"href":"https:\/\/www.labelformation76.fr\/index.php\/wp-json\/wp\/v2\/comments?post=988"}],"version-history":[{"count":3,"href":"https:\/\/www.labelformation76.fr\/index.php\/wp-json\/wp\/v2\/pages\/988\/revisions"}],"predecessor-version":[{"id":1029,"href":"https:\/\/www.labelformation76.fr\/index.php\/wp-json\/wp\/v2\/pages\/988\/revisions\/1029"}],"up":[{"embeddable":true,"href":"https:\/\/www.labelformation76.fr\/index.php\/wp-json\/wp\/v2\/pages\/67"}],"wp:attachment":[{"href":"https:\/\/www.labelformation76.fr\/index.php\/wp-json\/wp\/v2\/media?parent=988"}],"curies":[{"name":"wp","href":"https:\/\/api.w.org\/{rel}","templated":true}]}}