{"id":81,"date":"2021-08-14T17:15:24","date_gmt":"2021-08-14T15:15:24","guid":{"rendered":"http:\/\/labelforda.cluster020.hosting.ovh.net\/publish\/?page_id=81"},"modified":"2024-09-01T11:46:13","modified_gmt":"2024-09-01T09:46:13","slug":"troubles-pathos","status":"publish","type":"page","link":"https:\/\/www.labelformation76.fr\/index.php\/nos-formations\/troubles-pathos\/","title":{"rendered":"Troubles &#038; Pathos"},"content":{"rendered":"\n<div style=\"height:40px\" aria-hidden=\"true\" class=\"wp-block-spacer\"><\/div>\n\n\n\n<div class=\"wp-block-columns is-layout-flex wp-container-core-columns-is-layout-9d6595d7 wp-block-columns-is-layout-flex\">\n<div class=\"wp-block-column is-layout-flow wp-block-column-is-layout-flow\" style=\"flex-basis:33.33%\"><div class=\"wp-block-image\">\n<figure class=\"aligncenter size-full is-resized\"><img loading=\"lazy\" decoding=\"async\" width=\"600\" height=\"436\" src=\"https:\/\/www.labelformation76.fr\/publish\/wp-content\/uploads\/2021\/08\/Formation_Details.jpg\" alt=\"\" class=\"wp-image-557\" style=\"width:450px;height:327px\" srcset=\"https:\/\/www.labelformation76.fr\/wp-content\/uploads\/2021\/08\/Formation_Details.jpg 600w, https:\/\/www.labelformation76.fr\/wp-content\/uploads\/2021\/08\/Formation_Details-300x218.jpg 300w\" sizes=\"auto, (max-width: 600px) 100vw, 600px\" \/><\/figure>\n<\/div>\n\n\n<div class=\"wp-block-buttons is-horizontal is-content-justification-center is-layout-flex wp-container-core-buttons-is-layout-499968f5 wp-block-buttons-is-layout-flex\">\n<div class=\"wp-block-button is-style-primary\"><a class=\"wp-block-button__link wp-element-button\" href=\"https:\/\/www.labelformation76.fr\/wp-content\/uploads\/2024\/09\/LabelFormation_Troubles_Pathos_202409.pdf\" target=\"_blank\" rel=\"noreferrer noopener\">T\u00e9l\u00e9charger la fiche<\/a><\/div>\n\n\n\n<div class=\"wp-block-button is-style-secondary\"><a class=\"wp-block-button__link wp-element-button\" href=\"https:\/\/www.labelformation76.fr\/wp-content\/uploads\/2021\/09\/Reglement_Interieur_LabelFormation.pdf\" target=\"_blank\" rel=\"noreferrer noopener\">R\u00e8glement int\u00e9rieur<\/a><\/div>\n<\/div>\n\n\n\n<div style=\"height:40px\" aria-hidden=\"true\" class=\"wp-block-spacer\"><\/div>\n<\/div>\n\n\n\n<div class=\"wp-block-column is-layout-flow wp-block-column-is-layout-flow\" style=\"flex-basis:66.66%\">\n<h3 class=\"wp-block-heading has-neve-link-hover-color-color has-text-color\"><meta charset=\"utf-8\"><strong><meta charset=\"utf-8\"><strong><meta charset=\"utf-8\"><strong>La prise en charge des enfants et ados pr\u00e9sentant des troubles du comportement et\/ou besoins sp\u00e9cifiques<\/strong><\/strong><\/strong><\/h3>\n\n\n\n<p>D&rsquo;une dur\u00e9e de <strong>2 jours<\/strong>, cette formation permettra :<\/p>\n\n\n\n<ul class=\"wp-block-list\">\n<li>Accueillir, c\u2019est communiquer : les fondamentaux.<\/li>\n<\/ul>\n\n\n\n<ul class=\"wp-block-list\">\n<li>Mener une r\u00e9flexion autour des sp\u00e9cificit\u00e9s de la prise en charge, tant au niveau de l\u2019enfant et de la famille qu\u2019au niveau de l\u2019\u00e9quipe afin de revisiter les pratiques professionnelles, les protocoles institutionnels, d\u00e9velopper les comp\u00e9tences, savoir-faire et savoir-\u00eatre.<\/li>\n\n\n\n<li>De mettre en pratique des situations v\u00e9cues, seul ou en bin\u00f4me, afin d\u2019\u00e9valuer le r\u00f4le du travail d\u2019\u00e9quipe et d\u2019un processus commun afin que la prise en charge des troubles devienne une comp\u00e9tence professionnelle et un outil de travail : Outils de conceptualisation de situations, Concepts et analyse fonctionnelle.<\/li>\n\n\n\n<li>D\u2019analyser les processus de la prise en charge quotidienne : Les moments forts, Les rituels, La culture, L\u2019individuel dans le collectif<\/li>\n<\/ul>\n<\/div>\n<\/div>\n\n\n\n<div style=\"height:40px\" aria-hidden=\"true\" class=\"wp-block-spacer\"><\/div>\n\n\n\n<div class=\"wp-block-cover alignfull\" style=\"min-height:200px;aspect-ratio:unset;\"><span aria-hidden=\"true\" class=\"wp-block-cover__background has-nv-dark-bg-background-color has-background-dim-100 has-background-dim\"><\/span><div class=\"wp-block-cover__inner-container is-layout-flow wp-block-cover-is-layout-flow\">\n<div style=\"height:60px\" aria-hidden=\"true\" class=\"wp-block-spacer\"><\/div>\n\n\n\n<h3 class=\"wp-block-heading alignwide has-nv-light-bg-color has-text-color\">Objectifs p\u00e9dagogiques<\/h3>\n\n\n\n<div class=\"wp-block-columns alignwide is-layout-flex wp-container-core-columns-is-layout-9d6595d7 wp-block-columns-is-layout-flex\">\n<div class=\"wp-block-column is-layout-flow wp-block-column-is-layout-flow\">\n<ul class=\"wp-block-list has-nv-light-bg-color has-text-color\">\n<li>D\u2019apporter des notions de d\u00e9veloppement de l\u2019enfant et de l\u2019adolescent : De la d\u00e9pendance \u00e0 l\u2019autonomie, de l\u2019autonomie \u00e0 l\u2019interd\u00e9pendance. D\u2019\u00e9clairer le Normal et le Pathologique \/ Approche psychopathologique de l\u2019enfant et de l\u2019adolescent<\/li>\n\n\n\n<li>De clarifier la notion de s\u00e9curit\u00e9 relationnelle : Le lien et l\u2019attachement comme facteur stabilisant. De mettre en lumi\u00e8re les diff\u00e9rentes approches et classifications existantes des troubles, de l\u2019handicap et des capacit\u00e9s d\u2019adaptation : Apport des neurosciences<\/li>\n\n\n\n<li>De d\u00e9velopper les facteurs de risque\/facteurs de protection : Les mises en danger, L\u2019auto-agressivit\u00e9, les conduites \u00e0 risque, le rapport \u00e0 la Loi, Sanction-Punition-R\u00e9paration-Renforcement positif<\/li>\n\n\n\n<li>D\u2019acqu\u00e9rir des notions autour des \u00e9motions, du stress, du traumatisme et du post-traumatique. Les souffrances, les angoisses.<\/li>\n\n\n\n<li>D\u2019acqu\u00e9rir une culture commune dans l\u2019accompagnement au quotidien : S\u00e9paration\/Rupture, Opposition, Refus de la relation, Confiance mutuelle, Fugues et retour de fugues, Conflits de loyaut\u00e9<\/li>\n<\/ul>\n<\/div>\n<\/div>\n\n\n\n<div style=\"height:40px\" aria-hidden=\"true\" class=\"wp-block-spacer\"><\/div>\n<\/div><\/div>\n","protected":false},"excerpt":{"rendered":"<p>La prise en charge des enfants et ados pr\u00e9sentant des troubles du comportement et\/ou besoins sp\u00e9cifiques D&rsquo;une dur\u00e9e de 2 jours, cette formation permettra :<\/p>\n","protected":false},"author":1,"featured_media":0,"parent":67,"menu_order":2,"comment_status":"closed","ping_status":"closed","template":"","meta":{"neve_meta_sidebar":"","neve_meta_container":"","neve_meta_enable_content_width":"","neve_meta_content_width":0,"neve_meta_title_alignment":"","neve_meta_author_avatar":"","neve_post_elements_order":"","neve_meta_disable_header":"","neve_meta_disable_footer":"","neve_meta_disable_title":"on","footnotes":""},"class_list":["post-81","page","type-page","status-publish","hentry"],"_links":{"self":[{"href":"https:\/\/www.labelformation76.fr\/index.php\/wp-json\/wp\/v2\/pages\/81","targetHints":{"allow":["GET"]}}],"collection":[{"href":"https:\/\/www.labelformation76.fr\/index.php\/wp-json\/wp\/v2\/pages"}],"about":[{"href":"https:\/\/www.labelformation76.fr\/index.php\/wp-json\/wp\/v2\/types\/page"}],"author":[{"embeddable":true,"href":"https:\/\/www.labelformation76.fr\/index.php\/wp-json\/wp\/v2\/users\/1"}],"replies":[{"embeddable":true,"href":"https:\/\/www.labelformation76.fr\/index.php\/wp-json\/wp\/v2\/comments?post=81"}],"version-history":[{"count":14,"href":"https:\/\/www.labelformation76.fr\/index.php\/wp-json\/wp\/v2\/pages\/81\/revisions"}],"predecessor-version":[{"id":1025,"href":"https:\/\/www.labelformation76.fr\/index.php\/wp-json\/wp\/v2\/pages\/81\/revisions\/1025"}],"up":[{"embeddable":true,"href":"https:\/\/www.labelformation76.fr\/index.php\/wp-json\/wp\/v2\/pages\/67"}],"wp:attachment":[{"href":"https:\/\/www.labelformation76.fr\/index.php\/wp-json\/wp\/v2\/media?parent=81"}],"curies":[{"name":"wp","href":"https:\/\/api.w.org\/{rel}","templated":true}]}}