{"id":1117,"date":"2026-05-15T23:55:38","date_gmt":"2026-05-15T21:55:38","guid":{"rendered":"https:\/\/www.labelformation76.fr\/?page_id=1117"},"modified":"2026-05-15T23:57:42","modified_gmt":"2026-05-15T21:57:42","slug":"piqure-de-rappel-gestion-de-crise-dagressivite-violence-et-contenance-physique","status":"publish","type":"page","link":"https:\/\/www.labelformation76.fr\/index.php\/nos-formations\/piqure-de-rappel-gestion-de-crise-dagressivite-violence-et-contenance-physique\/","title":{"rendered":"Piq\u00fbre de rappel : Gestion de crise, d\u2019agressivit\u00e9, violence et contenance physique"},"content":{"rendered":"\n<div style=\"height:40px\" aria-hidden=\"true\" class=\"wp-block-spacer\"><\/div>\n\n\n\n<div class=\"wp-block-columns is-layout-flex wp-container-core-columns-is-layout-9d6595d7 wp-block-columns-is-layout-flex\">\n<div class=\"wp-block-column is-layout-flow wp-block-column-is-layout-flow\" style=\"flex-basis:33.33%\"><div class=\"wp-block-image\">\n<figure class=\"aligncenter size-full is-resized\"><img loading=\"lazy\" decoding=\"async\" width=\"600\" height=\"436\" src=\"https:\/\/www.labelformation76.fr\/publish\/wp-content\/uploads\/2021\/08\/Formation_Details.jpg\" alt=\"\" class=\"wp-image-557\" style=\"width:450px;height:327px\" srcset=\"https:\/\/www.labelformation76.fr\/wp-content\/uploads\/2021\/08\/Formation_Details.jpg 600w, https:\/\/www.labelformation76.fr\/wp-content\/uploads\/2021\/08\/Formation_Details-300x218.jpg 300w\" sizes=\"auto, (max-width: 600px) 100vw, 600px\" \/><\/figure>\n<\/div>\n\n\n<div class=\"wp-block-buttons is-horizontal is-content-justification-center is-layout-flex wp-container-core-buttons-is-layout-499968f5 wp-block-buttons-is-layout-flex\">\n<div class=\"wp-block-button is-style-primary\"><a class=\"wp-block-button__link wp-element-button\" href=\"https:\/\/www.labelformation76.fr\/wp-content\/uploads\/2026\/05\/LabelFormation_Piqure_Rappel-Gestion_Crise_202605.pdf\" target=\"_blank\" rel=\"noreferrer noopener\">T\u00e9l\u00e9charger la fiche<\/a><\/div>\n\n\n\n<div class=\"wp-block-button is-style-secondary\"><a class=\"wp-block-button__link wp-element-button\" href=\"https:\/\/www.labelformation76.fr\/wp-content\/uploads\/2021\/09\/Reglement_Interieur_LabelFormation.pdf\" target=\"_blank\" rel=\"noreferrer noopener\">R\u00e8glement int\u00e9rieur<\/a><\/div>\n<\/div>\n\n\n\n<div style=\"height:40px\" aria-hidden=\"true\" class=\"wp-block-spacer\"><\/div>\n<\/div>\n\n\n\n<div class=\"wp-block-column is-layout-flow wp-block-column-is-layout-flow\" style=\"flex-basis:66.66%\">\n<h3 class=\"wp-block-heading has-neve-link-hover-color-color has-text-color\">Piq\u00fbre de rappel :<br><strong>Gestion de crise, violence, agressivit\u00e9 et contenance physique<\/strong><\/h3>\n\n\n\n<div style=\"height:20px\" aria-hidden=\"true\" class=\"wp-block-spacer\"><\/div>\n\n\n\n<p>D&rsquo;une dur\u00e9e de <strong>1 jour<\/strong>, apr\u00e8s avoir suivi la session de base, cette formation permettra de :<\/p>\n\n\n\n<ul class=\"wp-block-list\">\n<li>D\u00e9velopper individuellement et en \u00e9quipe des modes d\u2019interventions de gestion de l\u2019agressivit\u00e9 et de la violence du public pris en charge<\/li>\n\n\n\n<li>De savoir se prot\u00e9ger soi-m\u00eame, les autres (coll\u00e8gues, public, locaux) face aux situations de crise<\/li>\n\n\n\n<li>De savoir analyser des situations avant, pendant et apr\u00e8s crise afin de mettre en place, en \u00e9quipe, des protocoles d\u2019am\u00e9lioration de la gestion des conflits, d\u2019agressivit\u00e9 et de violence<\/li>\n<\/ul>\n\n\n\n<div style=\"height:40px\" aria-hidden=\"true\" class=\"wp-block-spacer\"><\/div>\n\n\n\n<p class=\"has-text-align-center\"><strong>Les m\u00e9thodes de contenance physique sont l\u2019ultime recours dans une situation de crise.<\/strong><\/p>\n<\/div>\n<\/div>\n\n\n\n<div class=\"wp-block-cover alignfull\" style=\"min-height:200px;aspect-ratio:unset;\"><span aria-hidden=\"true\" class=\"wp-block-cover__background has-nv-dark-bg-background-color has-background-dim-100 has-background-dim\"><\/span><div class=\"wp-block-cover__inner-container is-layout-flow wp-block-cover-is-layout-flow\">\n<div style=\"height:60px\" aria-hidden=\"true\" class=\"wp-block-spacer\"><\/div>\n\n\n\n<h3 class=\"wp-block-heading alignwide has-nv-light-bg-color has-text-color\">Objectifs p\u00e9dagogiques<\/h3>\n\n\n\n<div class=\"wp-block-columns alignwide is-layout-flex wp-container-core-columns-is-layout-9d6595d7 wp-block-columns-is-layout-flex\">\n<div class=\"wp-block-column is-layout-flow wp-block-column-is-layout-flow\">\n<ul class=\"wp-block-list has-nv-light-bg-color has-text-color\">\n<li>Revisiter les acquis et les exp\u00e9riences v\u00e9cues depuis la premi\u00e8re formation (mises en pratique, interrogations \u00e9ventuelles\u2026).<\/li>\n\n\n\n<li>Clarifier les protocoles d\u2019intervention : aspects \u00e9thiques et juridiques.<\/li>\n\n\n\n<li>Rep\u00e9rer et identifier les aspects autour de la communication.<\/li>\n<\/ul>\n<\/div>\n<\/div>\n\n\n\n<div style=\"height:40px\" aria-hidden=\"true\" class=\"wp-block-spacer\"><\/div>\n<\/div><\/div>\n","protected":false},"excerpt":{"rendered":"<p>Piq\u00fbre de rappel :Gestion de crise, violence, agressivit\u00e9 et contenance physique D&rsquo;une dur\u00e9e de 1 jour, apr\u00e8s avoir suivi la session de base, cette formation permettra de : Les m\u00e9thodes de contenance physique sont l\u2019ultime recours dans une situation de crise.<\/p>\n","protected":false},"author":1,"featured_media":0,"parent":67,"menu_order":1,"comment_status":"closed","ping_status":"closed","template":"","meta":{"neve_meta_sidebar":"","neve_meta_container":"","neve_meta_enable_content_width":"","neve_meta_content_width":0,"neve_meta_title_alignment":"","neve_meta_author_avatar":"","neve_post_elements_order":"","neve_meta_disable_header":"","neve_meta_disable_footer":"","neve_meta_disable_title":"on","footnotes":""},"class_list":["post-1117","page","type-page","status-publish","hentry"],"_links":{"self":[{"href":"https:\/\/www.labelformation76.fr\/index.php\/wp-json\/wp\/v2\/pages\/1117","targetHints":{"allow":["GET"]}}],"collection":[{"href":"https:\/\/www.labelformation76.fr\/index.php\/wp-json\/wp\/v2\/pages"}],"about":[{"href":"https:\/\/www.labelformation76.fr\/index.php\/wp-json\/wp\/v2\/types\/page"}],"author":[{"embeddable":true,"href":"https:\/\/www.labelformation76.fr\/index.php\/wp-json\/wp\/v2\/users\/1"}],"replies":[{"embeddable":true,"href":"https:\/\/www.labelformation76.fr\/index.php\/wp-json\/wp\/v2\/comments?post=1117"}],"version-history":[{"count":1,"href":"https:\/\/www.labelformation76.fr\/index.php\/wp-json\/wp\/v2\/pages\/1117\/revisions"}],"predecessor-version":[{"id":1118,"href":"https:\/\/www.labelformation76.fr\/index.php\/wp-json\/wp\/v2\/pages\/1117\/revisions\/1118"}],"up":[{"embeddable":true,"href":"https:\/\/www.labelformation76.fr\/index.php\/wp-json\/wp\/v2\/pages\/67"}],"wp:attachment":[{"href":"https:\/\/www.labelformation76.fr\/index.php\/wp-json\/wp\/v2\/media?parent=1117"}],"curies":[{"name":"wp","href":"https:\/\/api.w.org\/{rel}","templated":true}]}}