{"id":1037,"date":"2026-03-29T17:44:37","date_gmt":"2026-03-29T15:44:37","guid":{"rendered":"https:\/\/www.labelformation76.fr\/?page_id=1037"},"modified":"2026-05-10T19:05:35","modified_gmt":"2026-05-10T17:05:35","slug":"sensibilisation-a-la-gestion-de-crise-violence-agressivite-et-contenance-physique","status":"publish","type":"page","link":"https:\/\/www.labelformation76.fr\/index.php\/nos-formations\/sensibilisation-a-la-gestion-de-crise-violence-agressivite-et-contenance-physique\/","title":{"rendered":"Sensibilisation \u00e0 la gestion de crise, violence, agressivit\u00e9 et contenance physique"},"content":{"rendered":"\n<div style=\"height:40px\" aria-hidden=\"true\" class=\"wp-block-spacer\"><\/div>\n\n\n\n<div class=\"wp-block-columns is-layout-flex wp-container-core-columns-is-layout-9d6595d7 wp-block-columns-is-layout-flex\">\n<div class=\"wp-block-column is-layout-flow wp-block-column-is-layout-flow\" style=\"flex-basis:33.33%\"><div class=\"wp-block-image\">\n<figure class=\"aligncenter size-full is-resized\"><img loading=\"lazy\" decoding=\"async\" width=\"600\" height=\"436\" src=\"https:\/\/www.labelformation76.fr\/publish\/wp-content\/uploads\/2021\/08\/Formation_Details.jpg\" alt=\"\" class=\"wp-image-557\" style=\"width:450px;height:327px\" srcset=\"https:\/\/www.labelformation76.fr\/wp-content\/uploads\/2021\/08\/Formation_Details.jpg 600w, https:\/\/www.labelformation76.fr\/wp-content\/uploads\/2021\/08\/Formation_Details-300x218.jpg 300w\" sizes=\"auto, (max-width: 600px) 100vw, 600px\" \/><\/figure>\n<\/div>\n\n\n<div class=\"wp-block-buttons is-horizontal is-content-justification-center is-layout-flex wp-container-core-buttons-is-layout-499968f5 wp-block-buttons-is-layout-flex\">\n<div class=\"wp-block-button is-style-primary\"><a class=\"wp-block-button__link wp-element-button\" href=\"https:\/\/labelformation76.schoolmaker.co\/offers\/ee3966b5-a4f1-461a-9785-4208ff0ebfd0\" target=\"_blank\" rel=\"noreferrer noopener\">Acc\u00e8s \u00e0 la formation<br>pour particulier<\/a><\/div>\n\n\n\n<div class=\"wp-block-button is-style-secondary\"><a class=\"wp-block-button__link wp-element-button\" href=\"https:\/\/labelformation76.schoolmaker.co\/offers\/db0e4aac-8d71-422a-a311-728533566b07\" target=\"_blank\" rel=\"noreferrer noopener\">Acc\u00e8s \u00e0 la formation<br>avec financement<\/a><\/div>\n\n\n\n<div class=\"wp-block-button is-style-primary\"><a class=\"wp-block-button__link wp-element-button\" href=\"https:\/\/www.labelformation76.fr\/wp-content\/uploads\/2026\/05\/LabelFormation_Sensibilisation_Gestion_Crise_202605.pdf\" target=\"_blank\" rel=\"noreferrer noopener\">T\u00e9l\u00e9charger la fiche<\/a><\/div>\n\n\n\n<div class=\"wp-block-button is-style-secondary\"><a class=\"wp-block-button__link wp-element-button\" href=\"https:\/\/www.labelformation76.fr\/wp-content\/uploads\/2021\/09\/Reglement_Interieur_LabelFormation.pdf\">R\u00e8glement int\u00e9rieur<\/a><\/div>\n<\/div>\n\n\n\n<div style=\"height:40px\" aria-hidden=\"true\" class=\"wp-block-spacer\"><\/div>\n<\/div>\n\n\n\n<div class=\"wp-block-column is-layout-flow wp-block-column-is-layout-flow\" style=\"flex-basis:66.66%\">\n<h3 class=\"wp-block-heading has-neve-link-hover-color-color has-text-color\"><strong><br>Sensibilisation \u00e0 la gestion de crise, violence, agressivit\u00e9 et contenance physique<\/strong><\/h3>\n\n\n\n<div style=\"height:20px\" aria-hidden=\"true\" class=\"wp-block-spacer\"><\/div>\n\n\n\n<p>Gr\u00e2ce \u00e0 un acc\u00e8s \u00e0 notre plateforme de formation en ligne, cette formation permettra, <strong>\u00e0 votre rythme et dans le lieu de votre choix<\/strong> :<\/p>\n\n\n\n<ul class=\"wp-block-list\">\n<li>De consulter 8 vid\u00e9os pratiques, 4 vid\u00e9os th\u00e9oriques, 10 fiches p\u00e9dagogiques et des bonus (quizz, b\u00eatisier, &#8230;)<\/li>\n\n\n\n<li>D\u2019amener les stagiaires \u00e0 r\u00e9fl\u00e9chir la place de la parole dans tous les processus de violence, les mots \u00e0 mettre avant, pendant et apr\u00e8s l\u2019intervention, ceux \u00e0 \u00e9viter, ceux \u00e0 favoriser.<\/li>\n\n\n\n<li>D\u2019apporter des techniques pour prot\u00e9ger autant l\u2019auteur de la violence, que la victime, que celui qui y assiste.<\/li>\n\n\n\n<li>De mettre en pratique des situations, afin que la gestion de crise devienne une comp\u00e9tence et un outil dans la relation.<\/li>\n<\/ul>\n\n\n\n<div style=\"height:40px\" aria-hidden=\"true\" class=\"wp-block-spacer\"><\/div>\n\n\n\n<p class=\"has-text-align-center\"><strong>Les m\u00e9thodes de contenance physique sont l\u2019ultime recours dans une situation de crise.<\/strong><\/p>\n<\/div>\n<\/div>\n\n\n\n<div class=\"wp-block-cover alignfull\" style=\"min-height:200px;aspect-ratio:unset;\"><span aria-hidden=\"true\" class=\"wp-block-cover__background has-nv-dark-bg-background-color has-background-dim-100 has-background-dim\"><\/span><div class=\"wp-block-cover__inner-container is-layout-flow wp-block-cover-is-layout-flow\">\n<div style=\"height:60px\" aria-hidden=\"true\" class=\"wp-block-spacer\"><\/div>\n\n\n\n<h3 class=\"wp-block-heading alignwide has-nv-light-bg-color has-text-color\">Objectifs p\u00e9dagogiques<\/h3>\n\n\n\n<div class=\"wp-block-columns alignwide is-layout-flex wp-container-core-columns-is-layout-9d6595d7 wp-block-columns-is-layout-flex\">\n<div class=\"wp-block-column is-layout-flow wp-block-column-is-layout-flow\">\n<ul class=\"wp-block-list has-nv-light-bg-color has-text-color\">\n<li>Clarifier les textes de loi, les concepts juridiques<\/li>\n\n\n\n<li>Clarifier les concepts th\u00e9oriques en ce qui concerne la gestion de la violence, des \u00e9motions, de la communication<\/li>\n\n\n\n<li>Acqu\u00e9rir des gestes simples et utiles de la ma\u00eetrise de l&rsquo;autre pour se prot\u00e9ger soi-m\u00eame, d\u00e9samorcer l&rsquo;agressivit\u00e9, violence ou menace<\/li>\n<\/ul>\n<\/div>\n<\/div>\n\n\n\n<div style=\"height:40px\" aria-hidden=\"true\" class=\"wp-block-spacer\"><\/div>\n<\/div><\/div>\n","protected":false},"excerpt":{"rendered":"<p>Sensibilisation \u00e0 la gestion de crise, violence, agressivit\u00e9 et contenance physique Gr\u00e2ce \u00e0 un acc\u00e8s \u00e0 notre plateforme de formation en ligne, cette formation permettra, \u00e0 votre rythme et dans le lieu de votre choix : Les m\u00e9thodes de contenance physique sont l\u2019ultime recours dans une situation de crise.<\/p>\n","protected":false},"author":1,"featured_media":0,"parent":67,"menu_order":8,"comment_status":"closed","ping_status":"closed","template":"","meta":{"neve_meta_sidebar":"","neve_meta_container":"","neve_meta_enable_content_width":"","neve_meta_content_width":0,"neve_meta_title_alignment":"","neve_meta_author_avatar":"","neve_post_elements_order":"","neve_meta_disable_header":"","neve_meta_disable_footer":"","neve_meta_disable_title":"on","footnotes":""},"class_list":["post-1037","page","type-page","status-publish","hentry"],"_links":{"self":[{"href":"https:\/\/www.labelformation76.fr\/index.php\/wp-json\/wp\/v2\/pages\/1037","targetHints":{"allow":["GET"]}}],"collection":[{"href":"https:\/\/www.labelformation76.fr\/index.php\/wp-json\/wp\/v2\/pages"}],"about":[{"href":"https:\/\/www.labelformation76.fr\/index.php\/wp-json\/wp\/v2\/types\/page"}],"author":[{"embeddable":true,"href":"https:\/\/www.labelformation76.fr\/index.php\/wp-json\/wp\/v2\/users\/1"}],"replies":[{"embeddable":true,"href":"https:\/\/www.labelformation76.fr\/index.php\/wp-json\/wp\/v2\/comments?post=1037"}],"version-history":[{"count":9,"href":"https:\/\/www.labelformation76.fr\/index.php\/wp-json\/wp\/v2\/pages\/1037\/revisions"}],"predecessor-version":[{"id":1082,"href":"https:\/\/www.labelformation76.fr\/index.php\/wp-json\/wp\/v2\/pages\/1037\/revisions\/1082"}],"up":[{"embeddable":true,"href":"https:\/\/www.labelformation76.fr\/index.php\/wp-json\/wp\/v2\/pages\/67"}],"wp:attachment":[{"href":"https:\/\/www.labelformation76.fr\/index.php\/wp-json\/wp\/v2\/media?parent=1037"}],"curies":[{"name":"wp","href":"https:\/\/api.w.org\/{rel}","templated":true}]}}